{"id":15,"date":"2025-07-20T11:35:03","date_gmt":"2025-07-20T09:35:03","guid":{"rendered":"https:\/\/www.tobiasbiering.com\/?page_id=15"},"modified":"2026-01-11T18:01:13","modified_gmt":"2026-01-11T17:01:13","slug":"impressum","status":"publish","type":"page","link":"https:\/\/www.tobiasbiering.com\/index.php\/impressum\/","title":{"rendered":"Impressum"},"content":{"rendered":"\n<p><\/p>\n\n\n\n<p>e mail: kunstantobi@gmail.com<\/p>\n\n\n\n<p><\/p>\n\n\n\n<p>Inhaber: Tobias Biering<\/p>\n\n\n\n<p><\/p>\n\n\n\n<p>2026 \u00a9 Alle Rechte vorbehalten. Alle Texte, Bilder, Grafiken und Fotos unterliegen dem Schutz des Urheberrechts und d\u00fcrfen nicht vervielf\u00e4ltigt werden. F\u00fcr die Inhalte der verlinkten Seiten wird keine Verantwortung \u00fcbernommen.<\/p>\n","protected":false},"excerpt":{"rendered":"<p>e mail: kunstantobi@gmail.com Inhaber: Tobias Biering 2026 \u00a9 Alle Rechte vorbehalten. Alle Texte, Bilder, Grafiken und Fotos unterliegen dem Schutz des Urheberrechts und d\u00fcrfen nicht vervielf\u00e4ltigt werden. F\u00fcr die Inhalte der verlinkten Seiten wird keine Verantwortung \u00fcbernommen.<\/p>\n","protected":false},"author":2,"featured_media":0,"parent":0,"menu_order":0,"comment_status":"closed","ping_status":"closed","template":"","meta":{"om_disable_all_campaigns":false,"_monsterinsights_skip_tracking":false,"_monsterinsights_sitenote_active":false,"_monsterinsights_sitenote_note":"","_monsterinsights_sitenote_category":0,"footnotes":""},"class_list":["post-15","page","type-page","status-publish","hentry"],"_links":{"self":[{"href":"https:\/\/www.tobiasbiering.com\/index.php\/wp-json\/wp\/v2\/pages\/15","targetHints":{"allow":["GET"]}}],"collection":[{"href":"https:\/\/www.tobiasbiering.com\/index.php\/wp-json\/wp\/v2\/pages"}],"about":[{"href":"https:\/\/www.tobiasbiering.com\/index.php\/wp-json\/wp\/v2\/types\/page"}],"author":[{"embeddable":true,"href":"https:\/\/www.tobiasbiering.com\/index.php\/wp-json\/wp\/v2\/users\/2"}],"replies":[{"embeddable":true,"href":"https:\/\/www.tobiasbiering.com\/index.php\/wp-json\/wp\/v2\/comments?post=15"}],"version-history":[{"count":3,"href":"https:\/\/www.tobiasbiering.com\/index.php\/wp-json\/wp\/v2\/pages\/15\/revisions"}],"predecessor-version":[{"id":170,"href":"https:\/\/www.tobiasbiering.com\/index.php\/wp-json\/wp\/v2\/pages\/15\/revisions\/170"}],"wp:attachment":[{"href":"https:\/\/www.tobiasbiering.com\/index.php\/wp-json\/wp\/v2\/media?parent=15"}],"curies":[{"name":"wp","href":"https:\/\/api.w.org\/{rel}","templated":true}]}}